{"id":21,"date":"2022-09-09T19:55:42","date_gmt":"2022-09-09T17:55:42","guid":{"rendered":"https:\/\/90m.omegraph.fr\/?page_id=21"},"modified":"2022-10-28T00:58:07","modified_gmt":"2022-10-27T22:58:07","slug":"commande","status":"publish","type":"page","link":"https:\/\/90m.omegraph.fr\/en\/commande\/","title":{"rendered":"Order"},"content":{"rendered":"<div data-elementor-type=\"wp-page\" data-elementor-id=\"21\" class=\"elementor elementor-21\" data-elementor-post-type=\"page\">\n\t\t\t\t\t\t\t\t\t<section class=\"elementor-section elementor-top-section elementor-element elementor-element-fa6192d elementor-section-full_width elementor-section-stretched elementor-section-height-default elementor-section-height-default\" data-id=\"fa6192d\" data-element_type=\"section\" id=\"top\" data-settings=\"{&quot;jet_parallax_layout_list&quot;:[],&quot;stretch_section&quot;:&quot;section-stretched&quot;}\">\n\t\t\t\t\t\t<div class=\"elementor-container elementor-column-gap-no\">\n\t\t\t\t\t<div class=\"elementor-column elementor-col-50 elementor-top-column elementor-element elementor-element-d47c76d\" data-id=\"d47c76d\" data-element_type=\"column\">\n\t\t\t<div class=\"elementor-widget-wrap elementor-element-populated\">\n\t\t\t\t\t\t\t\t<div class=\"elementor-element elementor-element-40b396f elementor-widget__width-inherit elementor-widget elementor-widget-jet-engine-booking-form\" data-id=\"40b396f\" data-element_type=\"widget\" data-widget_type=\"jet-engine-booking-form.default\">\n\t\t\t\t<div class=\"elementor-widget-container\">\n\t\t\t<form  class=\"jet-form layout-column submit-type-reload\" action=\"\/en\/wp-json\/wp\/v2\/pages\/21?jet_engine_action=book&#038;nocache=1776442319\" method=\"POST\" data-form-id=\"650\" data-trp-original-action=\"\/en\/wp-json\/wp\/v2\/pages\/21?jet_engine_action=book&nocache=1776442319\"><input class=\"jet-form__field hidden-field\" type=\"hidden\" name=\"_jet_engine_booking_form_id\" value=\"650\" data-field-name=\"_jet_engine_booking_form_id\"><input class=\"jet-form__field hidden-field\" type=\"hidden\" name=\"_jet_engine_refer\" value=\"https:\/\/90m.omegraph.fr\/en\/wp-json\/wp\/v2\/pages\/21\" data-field-name=\"_jet_engine_refer\"><div class=\"jet-form-page\" data-page=\"1\"><div  class=\"jet-form-row jet-form-row--first-visible\"><div class=\"jet-form-col jet-form-col-8 jet-form-push-2 field-type-text  jet-form-field-container\" data-field=\"nom\" data-conditional=\"false\"><div class=\"jet-form__label\">\n\t<label class=\"jet-form__label-text\" for=\"nom\">First &amp; last name<span class=\"jet-form__required\">*<\/span><\/label>\n\t<\/div><input class=\"jet-form__field text-field\" placeholder=\"Your first &amp; last name\" required=\"required\" name=\"nom\" id=\"nom\" type=\"text\" data-field-name=\"nom\"><\/div><\/div><div  class=\"jet-form-row\"><div class=\"jet-form-col jet-form-col-8 jet-form-push-2 field-type-text  jet-form-field-container\" data-field=\"tel\" data-conditional=\"false\"><div class=\"jet-form__label\">\n\t<label class=\"jet-form__label-text\" for=\"tel\">Phone number<span class=\"jet-form__required\">*<\/span><\/label>\n\t<\/div><input class=\"jet-form__field text-field\" placeholder=\"Your phone number\" required=\"required\" name=\"tel\" id=\"tel\" type=\"text\" data-field-name=\"tel\"><\/div><\/div><div  class=\"jet-form-row\"><div class=\"jet-form-col jet-form-col-8 jet-form-push-2 field-type-text  jet-form-field-container\" data-field=\"email\" data-conditional=\"false\"><div class=\"jet-form__label\">\n\t<label class=\"jet-form__label-text\" for=\"email\">Email address<span class=\"jet-form__required\">*<\/span><\/label>\n\t<\/div><input class=\"jet-form__field text-field\" placeholder=\"Your email address\" required=\"required\" name=\"email\" id=\"email\" type=\"email\" data-field-name=\"email\"><\/div><\/div><div  class=\"jet-form-row jet-form-row--page-break\"><div class=\"jet-form-col jet-form-col-2 jet-form-push-9 field-type-page_break noborder jet-form-field-container\" data-field=\"page_break\" data-conditional=\"false\"><div class=\"jet-form__next-page-wrap\">\n\t\t\t\t<button class=\"jet-form__next-page noborder\" type=\"button\">Next<\/button>\n\t<\/div>\n<\/div><\/div><\/div><div class=\"jet-form-page jet-form-page--hidden\" data-page=\"2\"><div  class=\"jet-form-row\"><div class=\"jet-form-col jet-form-col-8 jet-form-push-2 field-type-text  jet-form-field-container\" data-field=\"adressedereception\" data-conditional=\"false\"><div class=\"jet-form__label\">\n\t<label class=\"jet-form__label-text\" for=\"adressedereception\">Address of reception<span class=\"jet-form__required\">*<\/span><\/label>\n\t<\/div><input class=\"jet-form__field text-field\" placeholder=\"Where should we pick up your parcel\/mail ?\" required=\"required\" name=\"adressedereception\" id=\"adressedereception\" type=\"text\" data-field-name=\"adressedereception\"><\/div><\/div><div  class=\"jet-form-row\"><div class=\"jet-form-col jet-form-col-8 jet-form-push-2 field-type-number  jet-form-field-container\" data-field=\"nombredecoliscourriers\" data-conditional=\"false\"><div class=\"jet-form__label\">\n\t<label class=\"jet-form__label-text\" for=\"nombredecoliscourriers\">number of parcels and mails<span class=\"jet-form__required\">*<\/span><\/label>\n\t<\/div><input type=\"number\" class=\"jet-form__field text-field\" placeholder=\"Indicate the number of packages\/mail you wish to have delivered\" value=\"1\" required=\"required\" min=\"1\" step=\"1\" name=\"nombredecoliscourriers\" data-field-name=\"nombredecoliscourriers\" id=\"nombredecoliscourriers\"><\/div><\/div><div  class=\"jet-form-row\"><div class=\"jet-form-col jet-form-col-8 jet-form-push-2 field-type-number  jet-form-field-container\" data-field=\"nombrededestinations\" data-conditional=\"[{&quot;type&quot;:&quot;show&quot;,&quot;field&quot;:&quot;nombredecoliscourriers&quot;,&quot;operator&quot;:&quot;greater&quot;,&quot;value&quot;:&quot;1&quot;,&quot;set_value&quot;:&quot;&quot;}]\"><div class=\"jet-form__label\">\n\t<label class=\"jet-form__label-text\" for=\"nombrededestinations\">number of destinations<span class=\"jet-form__required\">*<\/span><\/label>\n\t<\/div><input type=\"number\" class=\"jet-form__field text-field\" placeholder=\"How many different destinations do you want to deliver your packages\/mail to ?\" value=\"1\" required=\"required\" min=\"1\" max=\"3\" step=\"1\" name=\"nombrededestinations\" data-field-name=\"nombrededestinations\" id=\"nombrededestinations\"><\/div><\/div><div  class=\"jet-form-row jet-form-row--page-break\"><div class=\"jet-form-col jet-form-col-2 jet-form-push-2 field-type-page_break  jet-form-field-container\" data-field=\"page_break\" data-conditional=\"false\"><div class=\"jet-form__next-page-wrap\">\n\t\t<button type=\"button\" class=\"jet-form__prev-page\" data-to-page=\"1\">Previous<\/button>\t<\/div>\n<\/div><div class=\"jet-form-col jet-form-col-1  field-type-page_break noborder jet-form-field-container\" data-field=\"page_break\" data-conditional=\"false\"><div class=\"jet-form__next-page-wrap\">\n\t\t\t\t<button class=\"jet-form__next-page noborder\" type=\"button\">Next<\/button>\n\t<\/div>\n<\/div><\/div><\/div><div class=\"jet-form-page jet-form-page--hidden\" data-page=\"3\"><div  class=\"jet-form-row\"><div class=\"jet-form-col jet-form-col-8 jet-form-push-2 field-type-text  jet-form-field-container\" data-field=\"nomdesti\" data-conditional=\"false\"><div class=\"jet-form__label\">\n\t<label class=\"jet-form__label-text\" for=\"nomdesti\">First &amp; last name of the receiver<span class=\"jet-form__required\">*<\/span><\/label>\n\t<\/div><input class=\"jet-form__field text-field\" placeholder=\"The first &amp; last name of the receiver\" required=\"required\" name=\"nomdesti\" id=\"nomdesti\" type=\"text\" data-field-name=\"nomdesti\"><\/div><\/div><div  class=\"jet-form-row\"><div class=\"jet-form-col jet-form-col-8 jet-form-push-2 field-type-text  jet-form-field-container\" data-field=\"teldesti\" data-conditional=\"false\"><div class=\"jet-form__label\">\n\t<label class=\"jet-form__label-text\" for=\"teldesti\">Receiver's phone number<span class=\"jet-form__required\">*<\/span><\/label>\n\t<\/div><input class=\"jet-form__field text-field\" placeholder=\"The phone number of the receiver\" required=\"required\" name=\"teldesti\" id=\"teldesti\" type=\"text\" data-field-name=\"teldesti\"><\/div><\/div><div  class=\"jet-form-row\"><div class=\"jet-form-col jet-form-col-8 jet-form-push-2 field-type-text  jet-form-field-container\" data-field=\"emaildesti\" data-conditional=\"false\"><div class=\"jet-form__label\">\n\t<label class=\"jet-form__label-text\" for=\"emaildesti\">Receiver's email address<span class=\"jet-form__required\">*<\/span><\/label>\n\t<\/div><input class=\"jet-form__field text-field\" placeholder=\"L&#039;adresse email du destinataire du colis\/courrier\" required=\"required\" name=\"emaildesti\" id=\"emaildesti\" type=\"email\" data-field-name=\"emaildesti\"><\/div><\/div><div  class=\"jet-form-row\"><div class=\"jet-form-col jet-form-col-8 jet-form-push-2 field-type-text  jet-form-field-container\" data-field=\"adressedelivraisona\" data-conditional=\"false\"><div class=\"jet-form__label\">\n\t<label class=\"jet-form__label-text\" for=\"adressedelivraisona\">Delivery address A<span class=\"jet-form__required\">*<\/span><\/label>\n\t<\/div><input class=\"jet-form__field text-field\" placeholder=\"Where do you want to deliver your package\/mail ?\" required=\"required\" name=\"adressedelivraisona\" id=\"adressedelivraisona\" type=\"text\" data-field-name=\"adressedelivraisona\"><\/div><\/div><div  class=\"jet-form-row jet-form-row--submit jet-form-row--page-break\"><div class=\"jet-form-col jet-form-col-2 jet-form-push-2 field-type-page_break  jet-form-field-container\" data-field=\"page_break\" data-conditional=\"false\"><div class=\"jet-form__next-page-wrap\">\n\t\t<button type=\"button\" class=\"jet-form__prev-page\" data-to-page=\"2\">Previous<\/button>\t<\/div>\n<\/div><div class=\"jet-form-col jet-form-col-1  field-type-page_break noborder jet-form-field-container\" data-field=\"page_break\" data-conditional=\"[{&quot;type&quot;:&quot;show&quot;,&quot;field&quot;:&quot;nombrededestinations&quot;,&quot;operator&quot;:&quot;greater&quot;,&quot;value&quot;:&quot;1&quot;,&quot;set_value&quot;:&quot;&quot;}]\"><div class=\"jet-form__next-page-wrap\">\n\t\t\t\t<button class=\"jet-form__next-page noborder\" type=\"button\">Next<\/button>\n\t<\/div>\n<\/div><div class=\"jet-form-col jet-form-col-3 jet-form-push-4 field-type-submit noborder jet-form-field-container\" data-field=\"submit\" data-conditional=\"[{&quot;type&quot;:&quot;hide&quot;,&quot;field&quot;:&quot;nombrededestinations&quot;,&quot;operator&quot;:&quot;greater&quot;,&quot;value&quot;:&quot;1&quot;,&quot;set_value&quot;:&quot;&quot;}]\"><div class=\"jet-form__submit-wrap\">\n\t\t<button class=\"jet-form__submit submit-type-reload noborder\" type=\"submit\">Submit order<\/button>\n<\/div><\/div><\/div><\/div><div class=\"jet-form-page jet-form-page--hidden\" data-page=\"4\"><div  class=\"jet-form-row\"><div class=\"jet-form-col jet-form-col-8 jet-form-push-2 field-type-text  jet-form-field-container\" data-field=\"nomdestideux\" data-conditional=\"[{&quot;type&quot;:&quot;show&quot;,&quot;field&quot;:&quot;nombrededestinations&quot;,&quot;operator&quot;:&quot;greater&quot;,&quot;value&quot;:&quot;1&quot;,&quot;set_value&quot;:&quot;&quot;}]\"><div class=\"jet-form__label\">\n\t<label class=\"jet-form__label-text\" for=\"nomdestideux\">First &amp; last name of the second receiver<span class=\"jet-form__required\">*<\/span><\/label>\n\t<\/div><input class=\"jet-form__field text-field\" placeholder=\"The first &amp; last name of the second receiver\" required=\"required\" name=\"nomdestideux\" id=\"nomdestideux\" type=\"text\" data-field-name=\"nomdestideux\"><\/div><\/div><div  class=\"jet-form-row\"><div class=\"jet-form-col jet-form-col-8 jet-form-push-2 field-type-text  jet-form-field-container\" data-field=\"teldestideux\" data-conditional=\"[{&quot;type&quot;:&quot;show&quot;,&quot;field&quot;:&quot;nombrededestinations&quot;,&quot;operator&quot;:&quot;greater&quot;,&quot;value&quot;:&quot;1&quot;,&quot;set_value&quot;:&quot;&quot;}]\"><div class=\"jet-form__label\">\n\t<label class=\"jet-form__label-text\" for=\"teldestideux\">Second receiver's phone number<span class=\"jet-form__required\">*<\/span><\/label>\n\t<\/div><input class=\"jet-form__field text-field\" placeholder=\"The phone number of the second receiver\" required=\"required\" name=\"teldestideux\" id=\"teldestideux\" type=\"text\" data-field-name=\"teldestideux\"><\/div><\/div><div  class=\"jet-form-row\"><div class=\"jet-form-col jet-form-col-8 jet-form-push-2 field-type-text  jet-form-field-container\" data-field=\"emaildestideux\" data-conditional=\"[{&quot;type&quot;:&quot;show&quot;,&quot;field&quot;:&quot;nombrededestinations&quot;,&quot;operator&quot;:&quot;greater&quot;,&quot;value&quot;:&quot;1&quot;,&quot;set_value&quot;:&quot;&quot;}]\"><div class=\"jet-form__label\">\n\t<label class=\"jet-form__label-text\" for=\"emaildestideux\">Second receiver's email address<span class=\"jet-form__required\">*<\/span><\/label>\n\t<\/div><input class=\"jet-form__field text-field\" placeholder=\"L&#039;adresse email du deuxi\u00e8me destinataire du colis\/courrier\" required=\"required\" name=\"emaildestideux\" id=\"emaildestideux\" type=\"email\" data-field-name=\"emaildestideux\"><\/div><\/div><div  class=\"jet-form-row\"><div class=\"jet-form-col jet-form-col-8 jet-form-push-2 field-type-text  jet-form-field-container\" data-field=\"adressedelivraisonb\" data-conditional=\"[{&quot;type&quot;:&quot;show&quot;,&quot;field&quot;:&quot;nombrededestinations&quot;,&quot;operator&quot;:&quot;greater&quot;,&quot;value&quot;:&quot;1&quot;,&quot;set_value&quot;:&quot;&quot;}]\"><div class=\"jet-form__label\">\n\t<label class=\"jet-form__label-text\" for=\"adressedelivraisonb\">Delivery address B<span class=\"jet-form__required\">*<\/span><\/label>\n\t<\/div><input class=\"jet-form__field text-field\" placeholder=\"Where do you want to deliver your second package\/mail ?\" required=\"required\" name=\"adressedelivraisonb\" id=\"adressedelivraisonb\" type=\"text\" data-field-name=\"adressedelivraisonb\"><\/div><\/div><div  class=\"jet-form-row jet-form-row--submit jet-form-row--page-break\"><div class=\"jet-form-col jet-form-col-2 jet-form-push-2 field-type-page_break  jet-form-field-container\" data-field=\"page_break\" data-conditional=\"false\"><div class=\"jet-form__next-page-wrap\">\n\t\t<button type=\"button\" class=\"jet-form__prev-page\" data-to-page=\"3\">Previous<\/button>\t<\/div>\n<\/div><div class=\"jet-form-col jet-form-col-1  field-type-page_break noborder jet-form-field-container\" data-field=\"page_break\" data-conditional=\"[{&quot;type&quot;:&quot;show&quot;,&quot;field&quot;:&quot;nombrededestinations&quot;,&quot;operator&quot;:&quot;greater&quot;,&quot;value&quot;:&quot;2&quot;,&quot;set_value&quot;:&quot;&quot;}]\"><div class=\"jet-form__next-page-wrap\">\n\t\t\t\t<button class=\"jet-form__next-page noborder\" type=\"button\">Next<\/button>\n\t<\/div>\n<\/div><div class=\"jet-form-col jet-form-col-3 jet-form-push-4 field-type-submit noborder jet-form-field-container\" data-field=\"submit\" data-conditional=\"[{&quot;type&quot;:&quot;show&quot;,&quot;field&quot;:&quot;nombrededestinations&quot;,&quot;operator&quot;:&quot;equal&quot;,&quot;value&quot;:&quot;2&quot;,&quot;set_value&quot;:&quot;&quot;}]\"><div class=\"jet-form__submit-wrap\">\n\t\t<button class=\"jet-form__submit submit-type-reload noborder\" type=\"submit\">Submit order<\/button>\n<\/div><\/div><\/div><\/div><div class=\"jet-form-page jet-form-page--hidden\" data-page=\"5\"><div  class=\"jet-form-row\"><div class=\"jet-form-col jet-form-col-8 jet-form-push-2 field-type-text  jet-form-field-container\" data-field=\"nomdestitrois\" data-conditional=\"[{&quot;type&quot;:&quot;show&quot;,&quot;field&quot;:&quot;nombrededestinations&quot;,&quot;operator&quot;:&quot;equal&quot;,&quot;value&quot;:&quot;3&quot;,&quot;set_value&quot;:&quot;&quot;}]\"><div class=\"jet-form__label\">\n\t<label class=\"jet-form__label-text\" for=\"nomdestitrois\">First &amp; last name of the third receiver<span class=\"jet-form__required\">*<\/span><\/label>\n\t<\/div><input class=\"jet-form__field text-field\" placeholder=\"The first &amp; last name of the third receiver\" required=\"required\" name=\"nomdestitrois\" id=\"nomdestitrois\" type=\"text\" data-field-name=\"nomdestitrois\"><\/div><\/div><div  class=\"jet-form-row\"><div class=\"jet-form-col jet-form-col-8 jet-form-push-2 field-type-text  jet-form-field-container\" data-field=\"teldestitrois\" data-conditional=\"[{&quot;type&quot;:&quot;show&quot;,&quot;field&quot;:&quot;nombrededestinations&quot;,&quot;operator&quot;:&quot;equal&quot;,&quot;value&quot;:&quot;3&quot;,&quot;set_value&quot;:&quot;&quot;}]\"><div class=\"jet-form__label\">\n\t<label class=\"jet-form__label-text\" for=\"teldestitrois\">Third receiver's phone number<span class=\"jet-form__required\">*<\/span><\/label>\n\t<\/div><input class=\"jet-form__field text-field\" placeholder=\"The phone number of the third receiver\" required=\"required\" name=\"teldestitrois\" id=\"teldestitrois\" type=\"text\" data-field-name=\"teldestitrois\"><\/div><\/div><div  class=\"jet-form-row\"><div class=\"jet-form-col jet-form-col-8 jet-form-push-2 field-type-text  jet-form-field-container\" data-field=\"emaildestitrois\" data-conditional=\"[{&quot;type&quot;:&quot;show&quot;,&quot;field&quot;:&quot;nombrededestinations&quot;,&quot;operator&quot;:&quot;equal&quot;,&quot;value&quot;:&quot;3&quot;,&quot;set_value&quot;:&quot;&quot;}]\"><div class=\"jet-form__label\">\n\t<label class=\"jet-form__label-text\" for=\"emaildestitrois\">Third receiver's email address<span class=\"jet-form__required\">*<\/span><\/label>\n\t<\/div><input class=\"jet-form__field text-field\" placeholder=\"L&#039;adresse email du troisi\u00e8me destinataire du colis\/courrier\" required=\"required\" name=\"emaildestitrois\" id=\"emaildestitrois\" type=\"email\" data-field-name=\"emaildestitrois\"><\/div><\/div><div  class=\"jet-form-row\"><div class=\"jet-form-col jet-form-col-8 jet-form-push-2 field-type-text  jet-form-field-container\" data-field=\"adressedelivraisonc\" data-conditional=\"[{&quot;type&quot;:&quot;show&quot;,&quot;field&quot;:&quot;nombrededestinations&quot;,&quot;operator&quot;:&quot;equal&quot;,&quot;value&quot;:&quot;3&quot;,&quot;set_value&quot;:&quot;&quot;}]\"><div class=\"jet-form__label\">\n\t<label class=\"jet-form__label-text\" for=\"adressedelivraisonc\">Delivery address C<span class=\"jet-form__required\">*<\/span><\/label>\n\t<\/div><input class=\"jet-form__field text-field\" placeholder=\"Where do you want to deliver your third package\/mail ?\" required=\"required\" name=\"adressedelivraisonc\" id=\"adressedelivraisonc\" type=\"text\" data-field-name=\"adressedelivraisonc\"><\/div><\/div><div  class=\"jet-form-row jet-form-row--submit jet-form-row--page-break\"><div class=\"jet-form-col jet-form-col-1 jet-form-push-2 field-type-page_break  jet-form-field-container\" data-field=\"page_break\" data-conditional=\"false\"><div class=\"jet-form__next-page-wrap\">\n\t\t<button type=\"button\" class=\"jet-form__prev-page\" data-to-page=\"4\">Previous<\/button>\t<\/div>\n<\/div><div class=\"jet-form-col jet-form-col-1 jet-form-push-5 field-type-submit noborder jet-form-field-container\" data-field=\"submit\" data-conditional=\"[{&quot;type&quot;:&quot;show&quot;,&quot;field&quot;:&quot;nombrededestinations&quot;,&quot;operator&quot;:&quot;equal&quot;,&quot;value&quot;:&quot;3&quot;,&quot;set_value&quot;:&quot;&quot;}]\"><div class=\"jet-form__submit-wrap\">\n\t\t<button class=\"jet-form__submit submit-type-reload noborder\" type=\"submit\">Submit order<\/button>\n<\/div><\/div><\/div><\/div><div class=\"jet-form-page jet-form-page--hidden\" data-page=\"6\"><div  class=\"jet-form-row jet-form-row--hidden\"><div class=\"jet-form-col jet-form-col-12  field-type-hidden  jet-form-field-container\" data-field=\"what is your name ?\" data-conditional=\"false\"><input class=\"jet-form__field hidden-field\" type=\"hidden\" name=\"what is your name ?\" value=\"0\" data-field-name=\"what is your name ?\"><\/div><\/div><\/div><input class=\"jet-form__field hidden-field\" type=\"hidden\" name=\"_jet_engine_nonce\" value=\"3b1380c64d\" data-field-name=\"_jet_engine_nonce\"><input type=\"hidden\" name=\"trp-form-language\" value=\"en\"\/><\/form>\t\t<\/div>\n\t\t\t\t<\/div>\n\t\t\t\t<div class=\"elementor-element elementor-element-a0f25fe elementor-widget__width-inherit elementor-widget elementor-widget-text-editor\" data-id=\"a0f25fe\" data-element_type=\"widget\" data-widget_type=\"text-editor.default\">\n\t\t\t\t<div class=\"elementor-widget-container\">\n\t\t\t<style>\/*! elementor - v3.15.0 - 09-08-2023 *\/\n.elementor-widget-text-editor.elementor-drop-cap-view-stacked .elementor-drop-cap{background-color:#69727d;color:#fff}.elementor-widget-text-editor.elementor-drop-cap-view-framed .elementor-drop-cap{color:#69727d;border:3px solid;background-color:transparent}.elementor-widget-text-editor:not(.elementor-drop-cap-view-default) .elementor-drop-cap{margin-top:8px}.elementor-widget-text-editor:not(.elementor-drop-cap-view-default) .elementor-drop-cap-letter{width:1em;height:1em}.elementor-widget-text-editor .elementor-drop-cap{float:left;text-align:center;line-height:1;font-size:50px}.elementor-widget-text-editor .elementor-drop-cap-letter{display:inline-block}<\/style>\t\t\t\t<p>Max. 400 gr.\/parcel up to max. 4kg in total<\/p>\t\t\t\t\t\t<\/div>\n\t\t\t\t<\/div>\n\t\t\t\t<div class=\"elementor-element elementor-element-190cbaf elementor-widget elementor-widget-text-editor\" data-id=\"190cbaf\" data-element_type=\"widget\" data-widget_type=\"text-editor.default\">\n\t\t\t\t<div class=\"elementor-widget-container\">\n\t\t\t\t\t\t\t<p>Max. 3 destinations\/delivery<\/p>\t\t\t\t\t\t<\/div>\n\t\t\t\t<\/div>\n\t\t\t\t<div class=\"elementor-element elementor-element-f939277 elementor-widget__width-inherit elementor-widget elementor-widget-text-editor\" data-id=\"f939277\" data-element_type=\"widget\" data-widget_type=\"text-editor.default\">\n\t\t\t\t<div class=\"elementor-widget-container\">\n\t\t\t\t\t\t\t<p>Find more info on <a href=\"https:\/\/90m.omegraph.fr\/en\/infos-pratiques\/\" target=\"_blank\" rel=\"noopener\"><span style=\"text-decoration: underline;\"><span style=\"color: #000000; text-decoration: underline;\">practical information<\/span><\/span><\/a><\/p>\t\t\t\t\t\t<\/div>\n\t\t\t\t<\/div>\n\t\t\t\t<div class=\"elementor-element elementor-element-4afd6d7 elementor-widget__width-inherit elementor-widget elementor-widget-text-editor\" data-id=\"4afd6d7\" data-element_type=\"widget\" data-widget_type=\"text-editor.default\">\n\t\t\t\t<div class=\"elementor-widget-container\">\n\t\t\t\t\t\t\t<p>By placing an order you accept the <span style=\"text-decoration: underline; color: #000000;\"><a style=\"color: #000000; text-decoration: underline;\" href=\"https:\/\/90m.omegraph.fr\/en\/conditions-generales\/\">general terms and conditions<\/a><\/span> of 90m<\/p>\t\t\t\t\t\t<\/div>\n\t\t\t\t<\/div>\n\t\t\t\t\t<\/div>\n\t\t<\/div>\n\t\t\t\t<div class=\"elementor-column elementor-col-50 elementor-top-column elementor-element elementor-element-4025a69 elementor-hidden-tablet elementor-hidden-mobile\" data-id=\"4025a69\" data-element_type=\"column\" data-settings=\"{&quot;background_background&quot;:&quot;classic&quot;}\">\n\t\t\t<div class=\"elementor-widget-wrap\">\n\t\t\t\t\t\t\t\t\t<\/div>\n\t\t<\/div>\n\t\t\t\t\t\t\t<\/div>\n\t\t<\/section>\n\t\t\t\t\t\t\t<\/div>","protected":false},"excerpt":{"rendered":"<p>Nom &#038; Pr\u00e9nom* Num\u00e9ro de t\u00e9l\u00e9phone* Adresse email* Suivant Adresse de reception* nombre de colis et de courriers* nombre de destinations* Pr\u00e9c\u00e9dent Suivant Nom &#038; Pr\u00e9nom du destinataire* Num\u00e9ro de t\u00e9l\u00e9phone du destinataire* Adresse email du destinataire* Adresse de livraison A* Pr\u00e9c\u00e9dent Suivant Commander Nom &#038; Pr\u00e9nom du deuxi\u00e8me destinataire* Num\u00e9ro de t\u00e9l\u00e9phone du deuxi\u00e8me [&hellip;]<\/p>","protected":false},"author":1,"featured_media":0,"parent":0,"menu_order":0,"comment_status":"closed","ping_status":"closed","template":"elementor_header_footer","meta":{"_jet_sm_ready_style":"","_jet_sm_style":"","_jet_sm_controls_values":"","_jet_sm_fonts_collection":"","_jet_sm_fonts_links":"","footnotes":""},"class_list":["post-21","page","type-page","status-publish","hentry"],"_links":{"self":[{"href":"https:\/\/90m.omegraph.fr\/en\/wp-json\/wp\/v2\/pages\/21","targetHints":{"allow":["GET"]}}],"collection":[{"href":"https:\/\/90m.omegraph.fr\/en\/wp-json\/wp\/v2\/pages"}],"about":[{"href":"https:\/\/90m.omegraph.fr\/en\/wp-json\/wp\/v2\/types\/page"}],"author":[{"embeddable":true,"href":"https:\/\/90m.omegraph.fr\/en\/wp-json\/wp\/v2\/users\/1"}],"replies":[{"embeddable":true,"href":"https:\/\/90m.omegraph.fr\/en\/wp-json\/wp\/v2\/comments?post=21"}],"version-history":[{"count":418,"href":"https:\/\/90m.omegraph.fr\/en\/wp-json\/wp\/v2\/pages\/21\/revisions"}],"predecessor-version":[{"id":3694,"href":"https:\/\/90m.omegraph.fr\/en\/wp-json\/wp\/v2\/pages\/21\/revisions\/3694"}],"wp:attachment":[{"href":"https:\/\/90m.omegraph.fr\/en\/wp-json\/wp\/v2\/media?parent=21"}],"curies":[{"name":"wp","href":"https:\/\/api.w.org\/{rel}","templated":true}]}}